{"id":7,"date":"2022-02-09T11:07:34","date_gmt":"2022-02-09T10:07:34","guid":{"rendered":"https:\/\/ginorden.org\/?page_id=7"},"modified":"2025-10-29T11:41:42","modified_gmt":"2025-10-29T10:41:42","slug":"gi-norden","status":"publish","type":"page","link":"https:\/\/ginorden.org\/","title":{"rendered":"GI Norden"},"content":{"rendered":"<div class=\"gb-container gb-container-d727a279\"><div class=\"gb-inside-container\">\n\n<div class=\"wp-block-cover alignfull\" style=\"min-height:250px;aspect-ratio:unset;\"><span aria-hidden=\"true\" class=\"wp-block-cover__background has-base-background-color has-background-dim\"><\/span><div class=\"wp-block-cover__inner-container is-layout-flow wp-block-cover-is-layout-flow\">\n<h1 class=\"wp-block-heading has-text-align-center has-contrast-color has-text-color\" id=\"nordic-network-for-geodata-and-gis\" style=\"font-size:60px\">Nordic Network for Geodata and GIS<\/h1>\n\n\n\n<p class=\"has-text-align-center has-contrast-color has-text-color\">GI Norden is a Nordic network within geodata and Geographic Information Science (GIS). The Network agenda is increased and more efficient use of geodata for benefit to the society.<\/p>\n<\/div><\/div>\n\n<\/div><\/div>\n\n<div class=\"gb-container gb-container-dbfaeceb\"><div class=\"gb-inside-container\">\n\n<h2 class=\"wp-block-heading has-text-align-center\" id=\"the-network\">The Network<\/h2>\n\n\n\n<p class=\"has-text-align-center\">The network plans for nordic events, share experience, and share networks within the field.<\/p>\n\n\n\n<p class=\"has-text-align-center\">Issues and tasks for GI Norden are handled by the network board.<br>The board consists of one representative from each member organisation<br>\u2013 the national organisations for geodata and GIS in the Nordic countries.<\/p>\n\n\n\n<p class=\"has-text-align-center\"><a href=\"https:\/\/ginorden.org\/wp-content\/uploads\/2022\/08\/Statutes-of-Nordic-network-for-geographic-information.pdf\" target=\"_blank\" rel=\"noreferrer noopener\">Link to the GI Norden statutes<\/a><\/p>\n\n\n\n<p><\/p>\n\n\n\n<p><\/p>\n\n<\/div><\/div>\n\n<div class=\"gb-container gb-container-ca14baae\"><div class=\"gb-inside-container\">\n\n<h2 class=\"wp-block-heading has-text-align-center\" id=\"upcoming-events\">Upcoming Events<\/h2>\n\n\n\n<p class=\"has-text-align-center\">Please visit the websites of each country (below from logos) to review the event calendars.<\/p>\n\n<\/div><\/div>\n\n<div class=\"gb-container gb-container-bb289854\"><div class=\"gb-inside-container\">\n\n<h2 class=\"gb-headline gb-headline-3b912331 gb-headline-text\">National Organisations for Geodata and GIS<\/h2>\n\n\n<div class=\"gb-grid-wrapper gb-grid-wrapper-0cd2233d\">\n<div class=\"gb-grid-column gb-grid-column-35147410\"><div class=\"gb-container gb-container-35147410\"><div class=\"gb-inside-container\">\n<div class=\"wp-block-image\">\n<figure class=\"aligncenter size-full\"><a href=\"https:\/\/geoforum.dk\/kalender\" target=\"_blank\" rel=\"noopener\"><img loading=\"lazy\" decoding=\"async\" width=\"200\" height=\"95\" src=\"https:\/\/ginorden.org\/wp-content\/uploads\/2022\/02\/geoforum-dk-logo-200.png\" alt=\"\" class=\"wp-image-26\"\/><\/a><\/figure>\n<\/div>\n\n\n<p class=\"has-text-align-center\"><a href=\"http:\/\/www.geoforum.dk\/\" target=\"_blank\" rel=\"noreferrer noopener\">Geoforum<\/a>&nbsp;(Denmark)<\/p>\n\n<\/div><\/div><\/div>\n\n<div class=\"gb-grid-column gb-grid-column-b936cd70\"><div class=\"gb-container gb-container-b936cd70\"><div class=\"gb-inside-container\">\n<div class=\"wp-block-image\">\n<figure class=\"aligncenter size-full\"><a href=\"https:\/\/geoforum.no\/aktiviteter\" target=\"_blank\" rel=\"noopener\"><img loading=\"lazy\" decoding=\"async\" width=\"200\" height=\"77\" src=\"https:\/\/ginorden.org\/wp-content\/uploads\/2022\/02\/geoforum-no-logo-200.png\" alt=\"\" class=\"wp-image-27\"\/><\/a><\/figure>\n<\/div>\n\n\n<p><a href=\"http:\/\/www.geoforum.no\/\" target=\"_blank\" rel=\"noreferrer noopener\">GeoForum<\/a>&nbsp;(Norway)<\/p>\n\n<\/div><\/div><\/div>\n\n<div class=\"gb-grid-column gb-grid-column-283460ef\"><div class=\"gb-container gb-container-283460ef\"><div class=\"gb-inside-container\">\n<div class=\"wp-block-image\">\n<figure class=\"aligncenter size-medium is-resized\"><img loading=\"lazy\" decoding=\"async\" width=\"300\" height=\"178\" src=\"https:\/\/ginorden.org\/wp-content\/uploads\/2022\/08\/LISA-LOGO-2021-B-300x178.png\" alt=\"\" class=\"wp-image-160\" style=\"width:150px;height:89px\" srcset=\"https:\/\/ginorden.org\/wp-content\/uploads\/2022\/08\/LISA-LOGO-2021-B-300x178.png 300w, https:\/\/ginorden.org\/wp-content\/uploads\/2022\/08\/LISA-LOGO-2021-B-1024x606.png 1024w, https:\/\/ginorden.org\/wp-content\/uploads\/2022\/08\/LISA-LOGO-2021-B-768x455.png 768w, https:\/\/ginorden.org\/wp-content\/uploads\/2022\/08\/LISA-LOGO-2021-B-1536x909.png 1536w, https:\/\/ginorden.org\/wp-content\/uploads\/2022\/08\/LISA-LOGO-2021-B-2048x1212.png 2048w\" sizes=\"auto, (max-width: 300px) 100vw, 300px\" \/><\/figure>\n<\/div>\n\n\n<p class=\"has-text-align-center\"><a href=\"http:\/\/www.landupplysingar.is\/\" target=\"_blank\" rel=\"noreferrer noopener\">LISA Organisation<\/a>&nbsp;(Iceland)<\/p>\n\n<\/div><\/div><\/div>\n\n<div class=\"gb-grid-column gb-grid-column-0fabae55\"><div class=\"gb-container gb-container-0fabae55\"><div class=\"gb-inside-container\">\n<div class=\"wp-block-image\">\n<figure class=\"aligncenter size-medium is-resized\"><a href=\"https:\/\/geoforum.fi\/tapahtumakalenteri\" target=\"_blank\" rel=\"noopener\"><img loading=\"lazy\" decoding=\"async\" width=\"300\" height=\"66\" src=\"https:\/\/ginorden.org\/wp-content\/uploads\/2022\/02\/GeoForum-Finland-logo-300x66.png\" alt=\"\" class=\"wp-image-90\" style=\"width:225px;height:50px\" srcset=\"https:\/\/ginorden.org\/wp-content\/uploads\/2022\/02\/GeoForum-Finland-logo-300x66.png 300w, https:\/\/ginorden.org\/wp-content\/uploads\/2022\/02\/GeoForum-Finland-logo-768x168.png 768w, https:\/\/ginorden.org\/wp-content\/uploads\/2022\/02\/GeoForum-Finland-logo.png 800w\" sizes=\"auto, (max-width: 300px) 100vw, 300px\" \/><\/a><\/figure>\n<\/div>\n\n\n<p><a href=\"https:\/\/geoforum.fi\" target=\"_blank\" rel=\"noreferrer noopener\">GeoForum<\/a>&nbsp;(Finland)<\/p>\n\n<\/div><\/div><\/div>\n<\/div>\n\n<div class=\"wp-block-image\">\n<figure class=\"aligncenter size-full\"><a href=\"https:\/\/geoforum.se\/motesplatser\/branschkalender\" target=\"_blank\" rel=\"noopener\"><img loading=\"lazy\" decoding=\"async\" width=\"270\" height=\"60\" src=\"https:\/\/ginorden.org\/wp-content\/uploads\/2022\/02\/geoforum-se-logo.png\" alt=\"\" class=\"wp-image-32\"\/><\/a><\/figure>\n<\/div>\n\n\n<p class=\"has-text-align-center\"><a href=\"https:\/\/geoforum.se\/\" target=\"_blank\" rel=\"noreferrer noopener\">Geoforum Sverige<\/a>&nbsp;(Sweden)<\/p>\n\n<\/div><\/div>\n\n<div class=\"gb-container gb-container-37580844\"><div class=\"gb-inside-container\">\n\n<p><\/p>\n\n\n\n<h2 class=\"gb-headline gb-headline-881e25b6 gb-headline-text\">Network Board Members<\/h2>\n\n\n\n<p><\/p>\n\n\n<div class=\"gb-grid-wrapper gb-grid-wrapper-28d8b4ed\">\n<div class=\"gb-grid-column gb-grid-column-35d68168\"><div class=\"gb-container gb-container-35d68168\"><div class=\"gb-inside-container\">\n<div class=\"wp-block-image is-style-rounded\">\n<figure class=\"aligncenter size-full\"><img loading=\"lazy\" decoding=\"async\" width=\"150\" height=\"150\" src=\"https:\/\/ginorden.org\/wp-content\/uploads\/2023\/01\/image.png\" alt=\"\" class=\"wp-image-174\"\/><\/figure>\n<\/div>\n\n\n<p class=\"has-text-align-center\"><a style=\"font-family: inherit; font-size: 20px; font-style: inherit; font-weight: inherit; background-color: var(--base-3);\" href=\"mailto:sofi.almqvist@geoforum.se\">Sofi Almqvist<\/a><\/p>\n\n\n\n<p>GI Norden Network Coordinator,  CEO, GeoForum Sverige (Sweden)<\/p>\n\n\n<div class=\"gb-container gb-container-a2cbed06\"><div class=\"gb-inside-container\">\n\n<h5 class=\"wp-block-heading has-text-align-center\" id=\"teemu-saloriutta\"><\/h5>\n\n<\/div><\/div>\n<\/div><\/div><\/div>\n\n<div class=\"gb-grid-column gb-grid-column-0721af23\"><div class=\"gb-container gb-container-0721af23\"><div class=\"gb-inside-container\">\n<div class=\"wp-block-image is-style-rounded\">\n<figure class=\"aligncenter size-thumbnail\"><img loading=\"lazy\" decoding=\"async\" width=\"150\" height=\"150\" src=\"https:\/\/ginorden.org\/wp-content\/uploads\/2022\/02\/Olafia-Svansdottir-150x150.jpg\" alt=\"\" class=\"wp-image-111\" srcset=\"https:\/\/ginorden.org\/wp-content\/uploads\/2022\/02\/Olafia-Svansdottir-150x150.jpg 150w, https:\/\/ginorden.org\/wp-content\/uploads\/2022\/02\/Olafia-Svansdottir-300x300.jpg 300w, https:\/\/ginorden.org\/wp-content\/uploads\/2022\/02\/Olafia-Svansdottir.jpg 512w\" sizes=\"auto, (max-width: 150px) 100vw, 150px\" \/><\/figure>\n<\/div>\n\n\n<h5 class=\"wp-block-heading has-text-align-center\" id=\"thorbjorg-kr-kjartansdottir\"><a href=\"mailto:lisa@landupplysingar.is\">\u00d3laf\u00eda Erla Svansd\u00f3ttir<\/a><\/h5>\n\n\n\n<p class=\"has-text-align-center\">Secretary General<br> LISA Organisation (Iceland)<\/p>\n\n\n\n<p class=\"has-text-align-center\"><\/p>\n\n\n<div class=\"wp-block-image is-style-rounded\">\n<figure class=\"aligncenter size-thumbnail\"><img loading=\"lazy\" decoding=\"async\" width=\"150\" height=\"150\" src=\"https:\/\/ginorden.org\/wp-content\/uploads\/2022\/02\/Birgitte-Wang-Schumacher-150x150.jpg\" alt=\"\" class=\"wp-image-116\" srcset=\"https:\/\/ginorden.org\/wp-content\/uploads\/2022\/02\/Birgitte-Wang-Schumacher-150x150.jpg 150w, https:\/\/ginorden.org\/wp-content\/uploads\/2022\/02\/Birgitte-Wang-Schumacher.jpg 200w\" sizes=\"auto, (max-width: 150px) 100vw, 150px\" \/><\/figure>\n<\/div>\n\n\n<h5 class=\"wp-block-heading has-text-align-center\" id=\"teemu-saloriutta\"><a href=\"mailto:birgitte@geoforum.no\">Birgitte Wang Schumacher<\/a><\/h5>\n\n\n<div class=\"gb-container gb-container-dc56b286\">\n\n<p class=\"has-text-align-center\">Project Manager<br> GeoForum Norge (Norway)<\/p>\n\n<\/div>\n\n\n<p><\/p>\n\n\n<div class=\"gb-container gb-container-ad76d3f5\"><div class=\"gb-inside-container\">\n\n<h5 class=\"wp-block-heading has-text-align-center\" id=\"thorbjorg-kr-kjartansdottir\"><\/h5>\n\n<\/div><\/div>\n<\/div><\/div><\/div>\n\n<div class=\"gb-grid-column gb-grid-column-e7ef5104\"><div class=\"gb-container gb-container-e7ef5104\"><div class=\"gb-inside-container\">\n<div class=\"wp-block-image is-style-rounded\">\n<figure class=\"aligncenter size-full is-resized\"><img loading=\"lazy\" decoding=\"async\" width=\"400\" height=\"400\" src=\"https:\/\/ginorden.org\/wp-content\/uploads\/2025\/10\/Leena-Virkki.jpg\" alt=\"\" class=\"wp-image-194\" style=\"width:151px;height:auto\" srcset=\"https:\/\/ginorden.org\/wp-content\/uploads\/2025\/10\/Leena-Virkki.jpg 400w, https:\/\/ginorden.org\/wp-content\/uploads\/2025\/10\/Leena-Virkki-300x300.jpg 300w, https:\/\/ginorden.org\/wp-content\/uploads\/2025\/10\/Leena-Virkki-150x150.jpg 150w\" sizes=\"auto, (max-width: 400px) 100vw, 400px\" \/><\/figure>\n<\/div>\n\n\n<h5 class=\"wp-block-heading has-text-align-center\" id=\"teemu-saloriutta\"><a href=\"mailto:leena.virkki@geoforum.fi\">Leena Virkki<\/a><\/h5>\n\n\n\n<p class=\"has-text-align-center\">Executive Director<br> GeoForum Finland<\/p>\n\n\n\n<p class=\"has-text-align-center\"><\/p>\n\n\n<div class=\"wp-block-image is-style-rounded\">\n<figure class=\"aligncenter size-thumbnail\"><img loading=\"lazy\" decoding=\"async\" width=\"150\" height=\"150\" src=\"https:\/\/ginorden.org\/wp-content\/uploads\/2025\/10\/Jesper-Hoi-Skovdal-Kortdage-2023-portraet-071-1-150x150.jpg\" alt=\"\" class=\"wp-image-199\"\/><\/figure>\n<\/div>\n\n\n<h5 class=\"wp-block-heading has-text-align-center\" id=\"teemu-saloriutta\"><a href=\"mailto:jes@geoforum.dk\">Jesper H\u00f8i Skovdal<\/a><\/h5>\n\n\n\n<p class=\"has-text-align-center\">Secretary General<br>                  Geoforum Danmark<\/p>\n\n\n\n<p class=\"has-text-align-center\"><\/p>\n\n\n\n<p><\/p>\n\n\n\n<p><\/p>\n\n\n\n<p><\/p>\n\n<\/div><\/div><\/div>\n<\/div>\n\n<div class=\"gb-grid-wrapper gb-grid-wrapper-ee4e8082\"><\/div>\n<\/div><\/div>\n\n\n<p><\/p>\n","protected":false},"excerpt":{"rendered":"<p>The Network The network plans for nordic events, share experience, and share networks within the field. Issues and tasks for GI Norden are handled by the network board.The board consists of one representative from each member organisation\u2013 the national organisations for geodata and GIS in the Nordic countries. Link to the GI Norden statutes Upcoming &#8230; <a title=\"GI Norden\" class=\"read-more\" href=\"https:\/\/ginorden.org\/\" aria-label=\"L\u00e4s mer om GI Norden\">L\u00e4s mer<\/a><\/p>\n","protected":false},"author":3,"featured_media":0,"parent":0,"menu_order":0,"comment_status":"closed","ping_status":"closed","template":"","meta":{"footnotes":""},"class_list":["post-7","page","type-page","status-publish"],"_links":{"self":[{"href":"https:\/\/ginorden.org\/index.php?rest_route=\/wp\/v2\/pages\/7","targetHints":{"allow":["GET"]}}],"collection":[{"href":"https:\/\/ginorden.org\/index.php?rest_route=\/wp\/v2\/pages"}],"about":[{"href":"https:\/\/ginorden.org\/index.php?rest_route=\/wp\/v2\/types\/page"}],"author":[{"embeddable":true,"href":"https:\/\/ginorden.org\/index.php?rest_route=\/wp\/v2\/users\/3"}],"replies":[{"embeddable":true,"href":"https:\/\/ginorden.org\/index.php?rest_route=%2Fwp%2Fv2%2Fcomments&post=7"}],"version-history":[{"count":15,"href":"https:\/\/ginorden.org\/index.php?rest_route=\/wp\/v2\/pages\/7\/revisions"}],"predecessor-version":[{"id":208,"href":"https:\/\/ginorden.org\/index.php?rest_route=\/wp\/v2\/pages\/7\/revisions\/208"}],"wp:attachment":[{"href":"https:\/\/ginorden.org\/index.php?rest_route=%2Fwp%2Fv2%2Fmedia&parent=7"}],"curies":[{"name":"wp","href":"https:\/\/api.w.org\/{rel}","templated":true}]}}